{"id":7243,"date":"2021-02-18T18:34:17","date_gmt":"2021-02-18T17:34:17","guid":{"rendered":"http:\/\/fizjoterapia.radom.pl\/?page_id=7243"},"modified":"2021-02-18T18:39:17","modified_gmt":"2021-02-18T17:39:17","slug":"cennik","status":"publish","type":"page","link":"https:\/\/fizjoterapia.radom.pl\/?page_id=7243","title":{"rendered":"Cennik"},"content":{"rendered":"\t\t<div data-elementor-type=\"wp-page\" data-elementor-id=\"7243\" class=\"elementor elementor-7243\" data-elementor-settings=\"[]\">\n\t\t\t\t\t\t\t<div class=\"elementor-section-wrap\">\n\t\t\t\t\t\t\t<section class=\"elementor-section elementor-top-section elementor-element elementor-element-803860b elementor-section-boxed elementor-section-height-default elementor-section-height-default\" data-id=\"803860b\" data-element_type=\"section\">\n\t\t\t\t\t\t<div class=\"elementor-container elementor-column-gap-default\">\n\t\t\t\t\t<div class=\"elementor-column elementor-col-50 elementor-top-column elementor-element elementor-element-c862d0c\" data-id=\"c862d0c\" data-element_type=\"column\">\n\t\t\t<div class=\"elementor-widget-wrap elementor-element-populated\">\n\t\t\t\t\t\t\t\t<div class=\"elementor-element elementor-element-7abdb3e elementor-widget elementor-widget-image\" data-id=\"7abdb3e\" data-element_type=\"widget\" data-widget_type=\"image.default\">\n\t\t\t\t<div class=\"elementor-widget-container\">\n\t\t\t\t\t<div class=\"elementor-image\">\n\t\t\t\t\t\t\t\t\t\t<img width=\"626\" height=\"939\" src=\"https:\/\/fizjoterapia.radom.pl\/wp-content\/uploads\/2021\/02\/physiotherapy_144627-38245.jpg\" class=\"attachment-large size-large\" alt=\"\" loading=\"lazy\" srcset=\"https:\/\/fizjoterapia.radom.pl\/wp-content\/uploads\/2021\/02\/physiotherapy_144627-38245.jpg 626w, https:\/\/fizjoterapia.radom.pl\/wp-content\/uploads\/2021\/02\/physiotherapy_144627-38245-600x900.jpg 600w, https:\/\/fizjoterapia.radom.pl\/wp-content\/uploads\/2021\/02\/physiotherapy_144627-38245-200x300.jpg 200w, https:\/\/fizjoterapia.radom.pl\/wp-content\/uploads\/2021\/02\/physiotherapy_144627-38245-168x252.jpg 168w\" sizes=\"(max-width: 626px) 100vw, 626px\" \/>\t\t\t\t\t\t\t\t\t\t\t<\/div>\n\t\t\t\t<\/div>\n\t\t\t\t<\/div>\n\t\t\t\t\t<\/div>\n\t\t<\/div>\n\t\t\t\t<div class=\"elementor-column elementor-col-50 elementor-top-column elementor-element elementor-element-a6f9d9d\" data-id=\"a6f9d9d\" data-element_type=\"column\">\n\t\t\t<div class=\"elementor-widget-wrap elementor-element-populated\">\n\t\t\t\t\t\t\t\t<div class=\"elementor-element elementor-element-92f7605 elementor-widget elementor-widget-text-editor\" data-id=\"92f7605\" data-element_type=\"widget\" data-widget_type=\"text-editor.default\">\n\t\t\t\t<div class=\"elementor-widget-container\">\n\t\t\t\t\t<div class=\"elementor-text-editor elementor-clearfix\"><h2>Podstawowy cennik zabieg\u00f3w<\/h2><p>\u00a0<\/p><p><strong>Masa\u017c<\/strong> od 20 z\u0142<\/p><p><strong>Masa\u017c z terapi\u0105 manualn\u0105<\/strong> 40z\u0142<\/p><p><strong>Terapia kompleksowa (masa\u017c, terapia manualna, fizykoterapia)<\/strong> 50z\u0142<\/p><p><strong>Fala uderzeniowa<\/strong> od 50z\u0142<\/p><p><strong>Masa\u017c godzinny relaksacyjny<\/strong> 100z\u0142<\/p><p><strong>Masa\u017c d\u0142oni\u00a0<\/strong> 50z\u0142\/30min<\/p><p><strong>Masa\u017c twarzy<\/strong> 50z\u0142\/30min<\/p><p><strong>Fizykoterapia<\/strong>\u00a0 40z\u0142 (pole magnetyczne, wybrane pr\u0105dy, terapia skojarzona, lampa bioptron lub krioterapia)<\/p><p><strong>Jeden zabieg z fizykoterapii<\/strong> 10z\u0142<\/p><p><strong>Krioterapia<\/strong> od 10z\u0142<\/p><\/div>\n\t\t\t\t<\/div>\n\t\t\t\t<\/div>\n\t\t\t\t\t<\/div>\n\t\t<\/div>\n\t\t\t\t\t\t\t<\/div>\n\t\t<\/section>\n\t\t\t\t\t\t<\/div>\n\t\t\t\t\t<\/div>\n\t\t","protected":false},"excerpt":{"rendered":"<p>Podstawowy cennik zabieg\u00f3w \u00a0 Masa\u017c od 20 z\u0142 Masa\u017c z terapi\u0105 manualn\u0105 40z\u0142 Terapia kompleksowa (masa\u017c, terapia manualna, fizykoterapia) 50z\u0142 Fala uderzeniowa od 50z\u0142 Masa\u017c godzinny relaksacyjny 100z\u0142 Masa\u017c d\u0142oni\u00a0 50z\u0142\/30min Masa\u017c twarzy 50z\u0142\/30min Fizykoterapia\u00a0 40z\u0142 (pole magnetyczne, wybrane pr\u0105dy, terapia skojarzona, lampa bioptron lub krioterapia) Jeden zabieg z fizykoterapii 10z\u0142 Krioterapia od 10z\u0142<\/p>\n","protected":false},"author":1,"featured_media":0,"parent":0,"menu_order":0,"comment_status":"closed","ping_status":"closed","template":"","meta":[],"_links":{"self":[{"href":"https:\/\/fizjoterapia.radom.pl\/index.php?rest_route=\/wp\/v2\/pages\/7243"}],"collection":[{"href":"https:\/\/fizjoterapia.radom.pl\/index.php?rest_route=\/wp\/v2\/pages"}],"about":[{"href":"https:\/\/fizjoterapia.radom.pl\/index.php?rest_route=\/wp\/v2\/types\/page"}],"author":[{"embeddable":true,"href":"https:\/\/fizjoterapia.radom.pl\/index.php?rest_route=\/wp\/v2\/users\/1"}],"replies":[{"embeddable":true,"href":"https:\/\/fizjoterapia.radom.pl\/index.php?rest_route=%2Fwp%2Fv2%2Fcomments&post=7243"}],"version-history":[{"count":4,"href":"https:\/\/fizjoterapia.radom.pl\/index.php?rest_route=\/wp\/v2\/pages\/7243\/revisions"}],"predecessor-version":[{"id":7249,"href":"https:\/\/fizjoterapia.radom.pl\/index.php?rest_route=\/wp\/v2\/pages\/7243\/revisions\/7249"}],"wp:attachment":[{"href":"https:\/\/fizjoterapia.radom.pl\/index.php?rest_route=%2Fwp%2Fv2%2Fmedia&parent=7243"}],"curies":[{"name":"wp","href":"https:\/\/api.w.org\/{rel}","templated":true}]}}