{"id":7250,"date":"2021-02-18T18:40:21","date_gmt":"2021-02-18T17:40:21","guid":{"rendered":"http:\/\/fizjoterapia.radom.pl\/?page_id=7250"},"modified":"2021-04-26T13:53:14","modified_gmt":"2021-04-26T11:53:14","slug":"o-nas","status":"publish","type":"page","link":"https:\/\/fizjoterapia.radom.pl\/?page_id=7250","title":{"rendered":"O nas"},"content":{"rendered":"\t\t<div data-elementor-type=\"wp-page\" data-elementor-id=\"7250\" class=\"elementor elementor-7250\" data-elementor-settings=\"[]\">\n\t\t\t\t\t\t\t<div class=\"elementor-section-wrap\">\n\t\t\t\t\t\t\t<section class=\"elementor-section elementor-top-section elementor-element elementor-element-b74e157 elementor-section-boxed elementor-section-height-default elementor-section-height-default\" data-id=\"b74e157\" data-element_type=\"section\">\n\t\t\t\t\t\t<div class=\"elementor-container elementor-column-gap-default\">\n\t\t\t\t\t<div class=\"elementor-column elementor-col-100 elementor-top-column elementor-element elementor-element-5eea774\" data-id=\"5eea774\" data-element_type=\"column\">\n\t\t\t<div class=\"elementor-widget-wrap elementor-element-populated\">\n\t\t\t\t\t\t\t\t<div class=\"elementor-element elementor-element-866708d elementor-position-top elementor-vertical-align-top elementor-widget elementor-widget-image-box\" data-id=\"866708d\" data-element_type=\"widget\" data-widget_type=\"image-box.default\">\n\t\t\t\t<div class=\"elementor-widget-container\">\n\t\t\t<div class=\"elementor-image-box-wrapper\"><figure class=\"elementor-image-box-img\"><img width=\"2048\" height=\"2560\" src=\"https:\/\/fizjoterapia.radom.pl\/wp-content\/uploads\/2021\/03\/fztrp-17-scaled.jpg\" class=\"attachment-full size-full\" alt=\"\" loading=\"lazy\" srcset=\"https:\/\/fizjoterapia.radom.pl\/wp-content\/uploads\/2021\/03\/fztrp-17-scaled.jpg 2048w, https:\/\/fizjoterapia.radom.pl\/wp-content\/uploads\/2021\/03\/fztrp-17-240x300.jpg 240w, https:\/\/fizjoterapia.radom.pl\/wp-content\/uploads\/2021\/03\/fztrp-17-819x1024.jpg 819w, https:\/\/fizjoterapia.radom.pl\/wp-content\/uploads\/2021\/03\/fztrp-17-768x960.jpg 768w, https:\/\/fizjoterapia.radom.pl\/wp-content\/uploads\/2021\/03\/fztrp-17-1229x1536.jpg 1229w, https:\/\/fizjoterapia.radom.pl\/wp-content\/uploads\/2021\/03\/fztrp-17-1639x2048.jpg 1639w, https:\/\/fizjoterapia.radom.pl\/wp-content\/uploads\/2021\/03\/fztrp-17-202x252.jpg 202w, https:\/\/fizjoterapia.radom.pl\/wp-content\/uploads\/2021\/03\/fztrp-17-600x750.jpg 600w\" sizes=\"(max-width: 2048px) 100vw, 2048px\" \/><\/figure><div class=\"elementor-image-box-content\"><h3 class=\"elementor-image-box-title\">Monika Le\u015bniewska<\/h3><p class=\"elementor-image-box-description\">Magister fizjoterapii, specjalizuje si\u0119 w leczeniu rwy kulszowej, masa\u017cu relaksacyjnym, masa\u017cu d\u0142oni, twarzy. Pracuje w naszym gabinecie sze\u015b\u0107 lat. Zdobywa ci\u0105g\u0142e do\u015bwiadczenie z zakresu zabieg\u00f3w fizykoterapii. Wykonuje min. terapi\u0119 skojarzon\u0105, fale uderzeniow\u0105. <\/p><\/div><\/div>\t\t<\/div>\n\t\t\t\t<\/div>\n\t\t\t\t\t<\/div>\n\t\t<\/div>\n\t\t\t\t\t\t\t<\/div>\n\t\t<\/section>\n\t\t\t\t<section class=\"elementor-section elementor-top-section elementor-element elementor-element-da62396 elementor-section-boxed elementor-section-height-default elementor-section-height-default\" data-id=\"da62396\" data-element_type=\"section\">\n\t\t\t\t\t\t<div class=\"elementor-container elementor-column-gap-default\">\n\t\t\t\t\t<div class=\"elementor-column elementor-col-100 elementor-top-column elementor-element elementor-element-f0b550b\" data-id=\"f0b550b\" data-element_type=\"column\">\n\t\t\t<div class=\"elementor-widget-wrap elementor-element-populated\">\n\t\t\t\t\t\t\t\t<div class=\"elementor-element elementor-element-8682955 elementor-position-top elementor-vertical-align-top elementor-widget elementor-widget-image-box\" data-id=\"8682955\" data-element_type=\"widget\" data-widget_type=\"image-box.default\">\n\t\t\t\t<div class=\"elementor-widget-container\">\n\t\t\t<div class=\"elementor-image-box-wrapper\"><figure class=\"elementor-image-box-img\"><img width=\"2048\" height=\"2560\" src=\"https:\/\/fizjoterapia.radom.pl\/wp-content\/uploads\/2021\/03\/fztrp-19-scaled.jpg\" class=\"attachment-full size-full\" alt=\"\" loading=\"lazy\" srcset=\"https:\/\/fizjoterapia.radom.pl\/wp-content\/uploads\/2021\/03\/fztrp-19-scaled.jpg 2048w, https:\/\/fizjoterapia.radom.pl\/wp-content\/uploads\/2021\/03\/fztrp-19-240x300.jpg 240w, https:\/\/fizjoterapia.radom.pl\/wp-content\/uploads\/2021\/03\/fztrp-19-819x1024.jpg 819w, https:\/\/fizjoterapia.radom.pl\/wp-content\/uploads\/2021\/03\/fztrp-19-768x960.jpg 768w, https:\/\/fizjoterapia.radom.pl\/wp-content\/uploads\/2021\/03\/fztrp-19-1229x1536.jpg 1229w, https:\/\/fizjoterapia.radom.pl\/wp-content\/uploads\/2021\/03\/fztrp-19-1638x2048.jpg 1638w, https:\/\/fizjoterapia.radom.pl\/wp-content\/uploads\/2021\/03\/fztrp-19-202x252.jpg 202w, https:\/\/fizjoterapia.radom.pl\/wp-content\/uploads\/2021\/03\/fztrp-19-600x750.jpg 600w\" sizes=\"(max-width: 2048px) 100vw, 2048px\" \/><\/figure><div class=\"elementor-image-box-content\"><h3 class=\"elementor-image-box-title\">Maciej Nowakowski<\/h3><p class=\"elementor-image-box-description\">Mgr fizjoterapii,chiropraktyk,absolwent radomskiej medycznej  szko\u0142y policealnej \u201eMedyk\u201d na kierunku technik masa\u017cysta, 6 lat praktyki w zawodzie .Uko\u0144czony kurs mobilizacji odcinka l\u0119d\u017awiowego kr\u0119gos\u0142upa w ostrych stanach rwy kulszowej .<\/p><\/div><\/div>\t\t<\/div>\n\t\t\t\t<\/div>\n\t\t\t\t\t<\/div>\n\t\t<\/div>\n\t\t\t\t\t\t\t<\/div>\n\t\t<\/section>\n\t\t\t\t<section class=\"elementor-section elementor-top-section elementor-element elementor-element-16d4693 elementor-section-boxed elementor-section-height-default elementor-section-height-default\" data-id=\"16d4693\" data-element_type=\"section\">\n\t\t\t\t\t\t<div class=\"elementor-container elementor-column-gap-default\">\n\t\t\t\t\t<div class=\"elementor-column elementor-col-100 elementor-top-column elementor-element elementor-element-dd23382\" data-id=\"dd23382\" data-element_type=\"column\">\n\t\t\t<div class=\"elementor-widget-wrap elementor-element-populated\">\n\t\t\t\t\t\t\t\t<div class=\"elementor-element elementor-element-2d5a51c elementor-position-top elementor-vertical-align-top elementor-widget elementor-widget-image-box\" data-id=\"2d5a51c\" data-element_type=\"widget\" data-widget_type=\"image-box.default\">\n\t\t\t\t<div class=\"elementor-widget-container\">\n\t\t\t<div class=\"elementor-image-box-wrapper\"><figure class=\"elementor-image-box-img\"><img width=\"2048\" height=\"2560\" src=\"https:\/\/fizjoterapia.radom.pl\/wp-content\/uploads\/2021\/03\/fztrp-15-scaled.jpg\" class=\"attachment-full size-full\" alt=\"\" loading=\"lazy\" srcset=\"https:\/\/fizjoterapia.radom.pl\/wp-content\/uploads\/2021\/03\/fztrp-15-scaled.jpg 2048w, https:\/\/fizjoterapia.radom.pl\/wp-content\/uploads\/2021\/03\/fztrp-15-240x300.jpg 240w, https:\/\/fizjoterapia.radom.pl\/wp-content\/uploads\/2021\/03\/fztrp-15-819x1024.jpg 819w, https:\/\/fizjoterapia.radom.pl\/wp-content\/uploads\/2021\/03\/fztrp-15-768x960.jpg 768w, https:\/\/fizjoterapia.radom.pl\/wp-content\/uploads\/2021\/03\/fztrp-15-1229x1536.jpg 1229w, https:\/\/fizjoterapia.radom.pl\/wp-content\/uploads\/2021\/03\/fztrp-15-1638x2048.jpg 1638w, https:\/\/fizjoterapia.radom.pl\/wp-content\/uploads\/2021\/03\/fztrp-15-202x252.jpg 202w, https:\/\/fizjoterapia.radom.pl\/wp-content\/uploads\/2021\/03\/fztrp-15-600x750.jpg 600w\" sizes=\"(max-width: 2048px) 100vw, 2048px\" \/><\/figure><div class=\"elementor-image-box-content\"><h3 class=\"elementor-image-box-title\">\u0141ukasz Rejmer<\/h3><p class=\"elementor-image-box-description\">Mgr fizjoterapii, chiropraktyk, absolwent radomskiego \u201emedyka\u201d i Warszawskiego Uniwersytetu Medycznego, 17 lat praktyki w zawodzie.<\/p><\/div><\/div>\t\t<\/div>\n\t\t\t\t<\/div>\n\t\t\t\t\t<\/div>\n\t\t<\/div>\n\t\t\t\t\t\t\t<\/div>\n\t\t<\/section>\n\t\t\t\t<section class=\"elementor-section elementor-top-section elementor-element elementor-element-8b59859 elementor-section-boxed elementor-section-height-default elementor-section-height-default\" data-id=\"8b59859\" data-element_type=\"section\">\n\t\t\t\t\t\t<div class=\"elementor-container elementor-column-gap-default\">\n\t\t\t\t\t<div class=\"elementor-column elementor-col-100 elementor-top-column elementor-element elementor-element-851e29a\" data-id=\"851e29a\" data-element_type=\"column\">\n\t\t\t<div class=\"elementor-widget-wrap elementor-element-populated\">\n\t\t\t\t\t\t\t\t<div class=\"elementor-element elementor-element-60d72cd elementor-position-top elementor-vertical-align-top elementor-widget elementor-widget-image-box\" data-id=\"60d72cd\" data-element_type=\"widget\" data-widget_type=\"image-box.default\">\n\t\t\t\t<div class=\"elementor-widget-container\">\n\t\t\t<div class=\"elementor-image-box-wrapper\"><figure class=\"elementor-image-box-img\"><img width=\"2048\" height=\"2560\" src=\"https:\/\/fizjoterapia.radom.pl\/wp-content\/uploads\/2021\/03\/fztrp-14-scaled.jpg\" class=\"attachment-full size-full\" alt=\"\" loading=\"lazy\" srcset=\"https:\/\/fizjoterapia.radom.pl\/wp-content\/uploads\/2021\/03\/fztrp-14-scaled.jpg 2048w, https:\/\/fizjoterapia.radom.pl\/wp-content\/uploads\/2021\/03\/fztrp-14-240x300.jpg 240w, https:\/\/fizjoterapia.radom.pl\/wp-content\/uploads\/2021\/03\/fztrp-14-819x1024.jpg 819w, https:\/\/fizjoterapia.radom.pl\/wp-content\/uploads\/2021\/03\/fztrp-14-768x960.jpg 768w, https:\/\/fizjoterapia.radom.pl\/wp-content\/uploads\/2021\/03\/fztrp-14-1229x1536.jpg 1229w, https:\/\/fizjoterapia.radom.pl\/wp-content\/uploads\/2021\/03\/fztrp-14-1638x2048.jpg 1638w, https:\/\/fizjoterapia.radom.pl\/wp-content\/uploads\/2021\/03\/fztrp-14-202x252.jpg 202w, https:\/\/fizjoterapia.radom.pl\/wp-content\/uploads\/2021\/03\/fztrp-14-600x750.jpg 600w\" sizes=\"(max-width: 2048px) 100vw, 2048px\" \/><\/figure><div class=\"elementor-image-box-content\"><h3 class=\"elementor-image-box-title\">Oleksandr Svystun<\/h3><p class=\"elementor-image-box-description\">Mgr fizjoterapii, chiropraktyk, specjalizuje si\u0119 w leczeniu rwy kulszowej, masa\u017cu relaksacyjnym, wykonuje zabiegi z zakresu fizykoterapii, terapi\u0119 skojarzon\u0105, fale uderzeniow\u0105. Pracuje w naszym gabinecie 2 lata. <\/p><\/div><\/div>\t\t<\/div>\n\t\t\t\t<\/div>\n\t\t\t\t\t<\/div>\n\t\t<\/div>\n\t\t\t\t\t\t\t<\/div>\n\t\t<\/section>\n\t\t\t\t<section class=\"elementor-section elementor-top-section elementor-element elementor-element-06ad15f elementor-section-boxed elementor-section-height-default elementor-section-height-default\" data-id=\"06ad15f\" data-element_type=\"section\">\n\t\t\t\t\t\t<div class=\"elementor-container elementor-column-gap-default\">\n\t\t\t\t\t<div class=\"elementor-column elementor-col-100 elementor-top-column elementor-element elementor-element-1eb4e0a\" data-id=\"1eb4e0a\" data-element_type=\"column\">\n\t\t\t<div class=\"elementor-widget-wrap elementor-element-populated\">\n\t\t\t\t\t\t\t\t<div class=\"elementor-element elementor-element-9aafe70 elementor-position-top elementor-vertical-align-top elementor-widget elementor-widget-image-box\" data-id=\"9aafe70\" data-element_type=\"widget\" data-widget_type=\"image-box.default\">\n\t\t\t\t<div class=\"elementor-widget-container\">\n\t\t\t<div class=\"elementor-image-box-wrapper\"><figure class=\"elementor-image-box-img\"><img width=\"2048\" height=\"2560\" src=\"https:\/\/fizjoterapia.radom.pl\/wp-content\/uploads\/2021\/03\/fztrp-16-scaled.jpg\" class=\"attachment-full size-full\" alt=\"\" loading=\"lazy\" srcset=\"https:\/\/fizjoterapia.radom.pl\/wp-content\/uploads\/2021\/03\/fztrp-16-scaled.jpg 2048w, https:\/\/fizjoterapia.radom.pl\/wp-content\/uploads\/2021\/03\/fztrp-16-240x300.jpg 240w, https:\/\/fizjoterapia.radom.pl\/wp-content\/uploads\/2021\/03\/fztrp-16-819x1024.jpg 819w, https:\/\/fizjoterapia.radom.pl\/wp-content\/uploads\/2021\/03\/fztrp-16-768x960.jpg 768w, https:\/\/fizjoterapia.radom.pl\/wp-content\/uploads\/2021\/03\/fztrp-16-1229x1536.jpg 1229w, https:\/\/fizjoterapia.radom.pl\/wp-content\/uploads\/2021\/03\/fztrp-16-1638x2048.jpg 1638w, https:\/\/fizjoterapia.radom.pl\/wp-content\/uploads\/2021\/03\/fztrp-16-202x252.jpg 202w, https:\/\/fizjoterapia.radom.pl\/wp-content\/uploads\/2021\/03\/fztrp-16-600x750.jpg 600w\" sizes=\"(max-width: 2048px) 100vw, 2048px\" \/><\/figure><div class=\"elementor-image-box-content\"><h3 class=\"elementor-image-box-title\">Urszula Tom<\/h3><p class=\"elementor-image-box-description\">Magister fizjoterapii i neurorehabilitacji. Wraz ze swoj\u0105 ekip\u0105 fizjoterapeut\u00f3w zapraszam serdecznie do gabinetu numer  1,  kt\u00f3ra opr\u00f3cz du\u017cej wiedzy medycznej, otwiera serca do pacjent\u00f3w. Dzi\u0119kujemy za wyb\u00f3r i zaufanie.<\/p><\/div><\/div>\t\t<\/div>\n\t\t\t\t<\/div>\n\t\t\t\t\t<\/div>\n\t\t<\/div>\n\t\t\t\t\t\t\t<\/div>\n\t\t<\/section>\n\t\t\t\t<section class=\"elementor-section elementor-top-section elementor-element elementor-element-672aac4 elementor-section-boxed elementor-section-height-default elementor-section-height-default\" data-id=\"672aac4\" data-element_type=\"section\">\n\t\t\t\t\t\t<div class=\"elementor-container elementor-column-gap-default\">\n\t\t\t\t\t<div class=\"elementor-column elementor-col-100 elementor-top-column elementor-element elementor-element-cbf9a45\" data-id=\"cbf9a45\" data-element_type=\"column\">\n\t\t\t<div class=\"elementor-widget-wrap elementor-element-populated\">\n\t\t\t\t\t\t\t\t<div class=\"elementor-element elementor-element-9b0ab86 elementor-widget elementor-widget-text-editor\" data-id=\"9b0ab86\" data-element_type=\"widget\" data-widget_type=\"text-editor.default\">\n\t\t\t\t<div class=\"elementor-widget-container\">\n\t\t\t\t\t<div class=\"elementor-text-editor elementor-clearfix\"><p>Wsp\u00f3\u0142za\u0142o\u017cycielami gabinet\u00f3w fizjoterapii przy ul. \u017beromskiego 49 s\u0105 Urszula Tom i Vadym Gorshkov.<\/p><\/div>\n\t\t\t\t<\/div>\n\t\t\t\t<\/div>\n\t\t\t\t\t<\/div>\n\t\t<\/div>\n\t\t\t\t\t\t\t<\/div>\n\t\t<\/section>\n\t\t\t\t\t\t<\/div>\n\t\t\t\t\t<\/div>\n\t\t","protected":false},"excerpt":{"rendered":"<p>Monika Le\u015bniewska Magister fizjoterapii, specjalizuje si\u0119 w leczeniu rwy kulszowej, masa\u017cu relaksacyjnym, masa\u017cu d\u0142oni, twarzy. Pracuje w naszym gabinecie sze\u015b\u0107 lat. Zdobywa ci\u0105g\u0142e do\u015bwiadczenie z zakresu zabieg\u00f3w fizykoterapii. Wykonuje min. terapi\u0119 skojarzon\u0105, fale uderzeniow\u0105. Maciej Nowakowski Mgr fizjoterapii,chiropraktyk,absolwent radomskiej medycznej szko\u0142y policealnej \u201eMedyk\u201d na kierunku technik masa\u017cysta, 6 lat praktyki w zawodzie .Uko\u0144czony kurs mobilizacji odcinka l\u0119d\u017awiowego kr\u0119gos\u0142upa w ostrych&#8230;<\/p>\n<div>\n<div class=\"btn-hover-effect-2\"> <a href=\"https:\/\/fizjoterapia.radom.pl\/?page_id=7250\" class=\"read-more btn btn-primary\">Read more<\/a><\/div>\n<\/div>\n","protected":false},"author":1,"featured_media":0,"parent":0,"menu_order":0,"comment_status":"closed","ping_status":"closed","template":"","meta":[],"_links":{"self":[{"href":"https:\/\/fizjoterapia.radom.pl\/index.php?rest_route=\/wp\/v2\/pages\/7250"}],"collection":[{"href":"https:\/\/fizjoterapia.radom.pl\/index.php?rest_route=\/wp\/v2\/pages"}],"about":[{"href":"https:\/\/fizjoterapia.radom.pl\/index.php?rest_route=\/wp\/v2\/types\/page"}],"author":[{"embeddable":true,"href":"https:\/\/fizjoterapia.radom.pl\/index.php?rest_route=\/wp\/v2\/users\/1"}],"replies":[{"embeddable":true,"href":"https:\/\/fizjoterapia.radom.pl\/index.php?rest_route=%2Fwp%2Fv2%2Fcomments&post=7250"}],"version-history":[{"count":16,"href":"https:\/\/fizjoterapia.radom.pl\/index.php?rest_route=\/wp\/v2\/pages\/7250\/revisions"}],"predecessor-version":[{"id":7327,"href":"https:\/\/fizjoterapia.radom.pl\/index.php?rest_route=\/wp\/v2\/pages\/7250\/revisions\/7327"}],"wp:attachment":[{"href":"https:\/\/fizjoterapia.radom.pl\/index.php?rest_route=%2Fwp%2Fv2%2Fmedia&parent=7250"}],"curies":[{"name":"wp","href":"https:\/\/api.w.org\/{rel}","templated":true}]}}